{"id":10110,"date":"2022-11-02T20:59:32","date_gmt":"2022-11-02T19:59:32","guid":{"rendered":"https:\/\/leboxi.eu\/?post_type=product&#038;p=10110"},"modified":"2025-10-11T14:14:07","modified_gmt":"2025-10-11T13:14:07","slug":"ogrlica-srce-s-posvetom","status":"publish","type":"product","link":"https:\/\/leboxi.eu\/hr\/proizvodi\/ogrlica-srce-s-posvetom\/","title":{"rendered":"Ogrlica SRCE s posvetom"},"content":{"rendered":"<p><strong>Veri\u017eica srce s posvetilom. U zgodnoj poklon kutiji nalazi se posveta koju mo\u017eete odabrati za razne prigode.<\/strong><\/p>\n<p>Boja: srebro<\/p>\n<p>Materijal: nehr\u0111aju\u0107i kirur\u0161ki \u010delik<\/p>\n<p>Duljina ogrlice: 42 cm<\/p>\n<p>Ogrlica u obliku srca odli\u010dno je poklone za va\u0161u voljenu osobu. Ogrlica srca izra\u0111ena je od nehr\u0111aju\u0107eg kirur\u0161kog \u010delika. Zbog svog sastava vrlo je otporan na vanjske utjecaje. Ogrlica je pohranjena u slatkoj bijeloj tekstilnoj vre\u0107ici.<\/p>\n<p>Preporuke za upotrebu: Preporu\u010dujemo da nakit skinete prije kupanja\/tu\u0161iranja, prije spavanja te prije sportskih aktivnosti kako se ne bi o\u0161tetio te kako bi \u0161to dulje ostao sjajan. Nakit ne ostavlja mrlje, ne gubi boju, ne ostavlja zelene tragove na ko\u017ei i vodootporan je.<\/p>\n<h6><\/h6>\n<h6>Dodatno:<\/h6>\n<p>Povrh svega, svoj poklon set mo\u017eete nadograditi <a href=\"https:\/\/leboxi.eu\/blog\/posvetilo-darilni-listki\/\">poklon listi\u0107ima<\/a> za izradu \u010dije upute mo\u017eete prona\u0107i na na\u0161em blogu.<\/p>\n<p>Po \u017eelji \u0107emo dostaviti va\u0161 poklon primatelju, a podrazumijeva se da u paket ne\u0107emo prilo\u017eiti ra\u010dun tijekom isporuke. Ra\u010dun \u0107emo poslati vama.<\/p>\n","protected":false},"excerpt":{"rendered":"<p>U prigodnoj poklon kutiji nalazi se savjetovanje koje mo\u017eete odabrati za razne prigode. Ogrlica je izra\u0111ena od nehr\u0111aju\u0107eg kirur\u0161kog \u010delika i pohranjena je u zgodnoj poklon kutiji. U kutijici dolazi posveta koju mo\u017eete odabrati prema prigodi.<\/p>\n<p>Ve\u010d info:<\/p>\n<ul>\n<li>Duljina ogrlice: 42 cm<\/li>\n<li>Materijal: nehr\u0111aju\u0107i \u010delik<\/li>\n<li>100 % hipoalergena, 100 % ne ostavlja mrlje na ko\u017ei<\/li>\n<\/ul>\n<p>Po \u017eelji \u0107emo dostaviti va\u0161 poklon primatelju, a podrazumijeva se da u paket ne\u0107emo prilo\u017eiti ra\u010dun tijekom isporuke. Ra\u010dun \u0107emo poslati vama.<\/p>\n<p>Uz dar mo\u017eete prilo\u017eiti i <a href=\"https:\/\/leboxi.eu\/izdelki\/personalizirana-cestitka\/\"><strong>personaliziranu \u010destitku<\/strong><\/a>.<\/p>\n<p>&nbsp;<\/p>\n","protected":false},"featured_media":27186,"comment_status":"open","ping_status":"closed","template":"","meta":{"site-sidebar-layout":"default","site-content-layout":"default","ast-site-content-layout":"default","site-content-style":"default","site-sidebar-style":"default","ast-global-header-display":"","ast-banner-title-visibility":"","ast-main-header-display":"","ast-hfb-above-header-display":"","ast-hfb-below-header-display":"","ast-hfb-mobile-header-display":"","site-post-title":"","ast-breadcrumbs-content":"","ast-featured-img":"","footer-sml-layout":"","ast-disable-related-posts":"","theme-transparent-header-meta":"default","adv-header-id-meta":"","stick-header-meta":"","header-above-stick-meta":"","header-main-stick-meta":"","header-below-stick-meta":"","astra-migrate-meta-layouts":"default","ast-page-background-enabled":"default","ast-page-background-meta":{"desktop":{"background-color":"","background-image":"","background-repeat":"repeat","background-position":"center center","background-size":"auto","background-attachment":"scroll","background-type":"","background-media":"","overlay-type":"","overlay-color":"","overlay-opacity":"","overlay-gradient":""},"tablet":{"background-color":"","background-image":"","background-repeat":"repeat","background-position":"center center","background-size":"auto","background-attachment":"scroll","background-type":"","background-media":"","overlay-type":"","overlay-color":"","overlay-opacity":"","overlay-gradient":""},"mobile":{"background-color":"","background-image":"","background-repeat":"repeat","background-position":"center center","background-size":"auto","background-attachment":"scroll","background-type":"","background-media":"","overlay-type":"","overlay-color":"","overlay-opacity":"","overlay-gradient":""}},"ast-content-background-meta":{"desktop":{"background-color":"var(--ast-global-color-5)","background-image":"","background-repeat":"repeat","background-position":"center center","background-size":"auto","background-attachment":"scroll","background-type":"","background-media":"","overlay-type":"","overlay-color":"","overlay-opacity":"","overlay-gradient":""},"tablet":{"background-color":"var(--ast-global-color-5)","background-image":"","background-repeat":"repeat","background-position":"center center","background-size":"auto","background-attachment":"scroll","background-type":"","background-media":"","overlay-type":"","overlay-color":"","overlay-opacity":"","overlay-gradient":""},"mobile":{"background-color":"var(--ast-global-color-5)","background-image":"","background-repeat":"repeat","background-position":"center center","background-size":"auto","background-attachment":"scroll","background-type":"","background-media":"","overlay-type":"","overlay-color":"","overlay-opacity":"","overlay-gradient":""}}},"product_brand":[],"product_cat":[274,212,301,216,217,73,200,207,206,201,205,199,203,209,210,208,211,198,202,87],"product_tag":[],"class_list":{"0":"post-10110","1":"product","2":"type-product","3":"status-publish","4":"has-post-thumbnail","6":"product_cat-akcija-hr","7":"product_cat-bozicni-pokloni-za-zene","8":"product_cat-najprodavanije-za-mjesec-zena","9":"product_cat-nakit-hr","10":"product_cat-ogrlice","11":"product_cat-opcenito","12":"product_cat-poklon-paketi","13":"product_cat-pokloni-za-bozic","14":"product_cat-pokloni-za-dan-zena","15":"product_cat-pokloni-za-djevojku","16":"product_cat-pokloni-za-majcin-dan","17":"product_cat-pokloni-za-mamu","18":"product_cat-pokloni-za-prijateljicu","19":"product_cat-pokloni-za-rodendan-hr","20":"product_cat-pokloni-za-rodendan-za-zene","21":"product_cat-pokloni-za-valentinovo","22":"product_cat-pokloni-za-valentinovo-za-nju","23":"product_cat-pokloni-za-zene","24":"product_cat-prilike","25":"product_cat-zene","26":"desktop-align-left","27":"tablet-align-left","28":"mobile-align-left","30":"first","31":"instock","32":"sale","33":"featured","34":"taxable","35":"shipping-taxable","36":"purchasable","37":"product-type-variable"},"yoast_head":"<!-- This site is optimized with the Yoast SEO plugin v27.3 - https:\/\/yoast.com\/product\/yoast-seo-wordpress\/ -->\n<title>Ogrlica srce | Jedinstveni pokloni za sve | Le Boxi<\/title>\n<meta name=\"description\" content=\"Ogrlica u obliku srca odli\u010dno je poklone za va\u0161u voljenu osobu. Ogrlica je izra\u0111ena od nehr\u0111aju\u0107eg \u010delika. Spremljena je u simpati\u010dnu bijelu tekstilnu vre\u0107icu.\" \/>\n<meta name=\"robots\" content=\"index, follow, max-snippet:-1, max-image-preview:large, max-video-preview:-1\" \/>\n<link rel=\"canonical\" href=\"https:\/\/leboxi.eu\/hr\/proizvodi\/ogrlica-srce-s-posvetom\/\" \/>\n<meta property=\"og:locale\" content=\"hr_HR\" \/>\n<meta property=\"og:type\" content=\"article\" \/>\n<meta property=\"og:title\" content=\"Ogrlica srce | Jedinstveni pokloni za sve | Le Boxi\" \/>\n<meta property=\"og:description\" content=\"Ogrlica u obliku srca odli\u010dno je poklone za va\u0161u voljenu osobu. Ogrlica je izra\u0111ena od nehr\u0111aju\u0107eg \u010delika. Spremljena je u simpati\u010dnu bijelu tekstilnu vre\u0107icu.\" \/>\n<meta property=\"og:url\" content=\"https:\/\/leboxi.eu\/hr\/proizvodi\/ogrlica-srce-s-posvetom\/\" \/>\n<meta property=\"og:site_name\" content=\"Le Boxi | Unikatna darila za vsakogar\" \/>\n<meta property=\"article:publisher\" content=\"https:\/\/www.facebook.com\/leboxi.eu\" \/>\n<meta property=\"article:modified_time\" content=\"2025-10-11T13:14:07+00:00\" \/>\n<meta property=\"og:image\" content=\"https:\/\/leboxi.eu\/wp-content\/uploads\/2022\/11\/verizica-s-posvetilom.jpg\" \/>\n\t<meta property=\"og:image:width\" content=\"1024\" \/>\n\t<meta property=\"og:image:height\" content=\"1024\" \/>\n\t<meta property=\"og:image:type\" content=\"image\/jpeg\" \/>\n<meta name=\"twitter:card\" content=\"summary_large_image\" \/>\n<meta name=\"twitter:label1\" content=\"Procijenjeno vrijeme \u010ditanja\" \/>\n\t<meta name=\"twitter:data1\" content=\"1 minuta\" \/>\n<script type=\"application\/ld+json\" class=\"yoast-schema-graph\">{\"@context\":\"https:\\\/\\\/schema.org\",\"@graph\":[{\"@type\":\"WebPage\",\"@id\":\"https:\\\/\\\/leboxi.eu\\\/hr\\\/proizvodi\\\/ogrlica-srce-s-posvetom\\\/\",\"url\":\"https:\\\/\\\/leboxi.eu\\\/hr\\\/proizvodi\\\/ogrlica-srce-s-posvetom\\\/\",\"name\":\"Ogrlica srce | Jedinstveni pokloni za sve | Le Boxi\",\"isPartOf\":{\"@id\":\"https:\\\/\\\/leboxi.eu\\\/hr\\\/#website\"},\"primaryImageOfPage\":{\"@id\":\"https:\\\/\\\/leboxi.eu\\\/hr\\\/proizvodi\\\/ogrlica-srce-s-posvetom\\\/#primaryimage\"},\"image\":{\"@id\":\"https:\\\/\\\/leboxi.eu\\\/hr\\\/proizvodi\\\/ogrlica-srce-s-posvetom\\\/#primaryimage\"},\"thumbnailUrl\":\"https:\\\/\\\/leboxi.eu\\\/wp-content\\\/uploads\\\/2022\\\/11\\\/verizica-s-posvetilom.jpg\",\"datePublished\":\"2022-11-02T19:59:32+00:00\",\"dateModified\":\"2025-10-11T13:14:07+00:00\",\"description\":\"Ogrlica u obliku srca odli\u010dno je poklone za va\u0161u voljenu osobu. Ogrlica je izra\u0111ena od nehr\u0111aju\u0107eg \u010delika. Spremljena je u simpati\u010dnu bijelu tekstilnu vre\u0107icu.\",\"breadcrumb\":{\"@id\":\"https:\\\/\\\/leboxi.eu\\\/hr\\\/proizvodi\\\/ogrlica-srce-s-posvetom\\\/#breadcrumb\"},\"inLanguage\":\"hr\",\"potentialAction\":[{\"@type\":\"ReadAction\",\"target\":[\"https:\\\/\\\/leboxi.eu\\\/hr\\\/proizvodi\\\/ogrlica-srce-s-posvetom\\\/\"]}]},{\"@type\":\"ImageObject\",\"inLanguage\":\"hr\",\"@id\":\"https:\\\/\\\/leboxi.eu\\\/hr\\\/proizvodi\\\/ogrlica-srce-s-posvetom\\\/#primaryimage\",\"url\":\"https:\\\/\\\/leboxi.eu\\\/wp-content\\\/uploads\\\/2022\\\/11\\\/verizica-s-posvetilom.jpg\",\"contentUrl\":\"https:\\\/\\\/leboxi.eu\\\/wp-content\\\/uploads\\\/2022\\\/11\\\/verizica-s-posvetilom.jpg\",\"width\":1024,\"height\":1024},{\"@type\":\"BreadcrumbList\",\"@id\":\"https:\\\/\\\/leboxi.eu\\\/hr\\\/proizvodi\\\/ogrlica-srce-s-posvetom\\\/#breadcrumb\",\"itemListElement\":[{\"@type\":\"ListItem\",\"position\":1,\"name\":\"Doma\",\"item\":\"https:\\\/\\\/leboxi.eu\\\/hr\\\/originalni-rodendanski-pokloni-za-zene-muskarce-i-novorodencad\\\/\"},{\"@type\":\"ListItem\",\"position\":2,\"name\":\"Trgovina\",\"item\":\"https:\\\/\\\/leboxi.eu\\\/hr\\\/trgovina\\\/\"},{\"@type\":\"ListItem\",\"position\":3,\"name\":\"Ogrlica SRCE s posvetom\"}]},{\"@type\":\"WebSite\",\"@id\":\"https:\\\/\\\/leboxi.eu\\\/hr\\\/#website\",\"url\":\"https:\\\/\\\/leboxi.eu\\\/hr\\\/\",\"name\":\"Le Boxi | Unikatna darila za vsakogar\",\"description\":\"Unikatna darila in darilne \u0161katle za vse prilo\u017enosti.\",\"publisher\":{\"@id\":\"https:\\\/\\\/leboxi.eu\\\/hr\\\/#organization\"},\"potentialAction\":[{\"@type\":\"SearchAction\",\"target\":{\"@type\":\"EntryPoint\",\"urlTemplate\":\"https:\\\/\\\/leboxi.eu\\\/hr\\\/?s={search_term_string}\"},\"query-input\":{\"@type\":\"PropertyValueSpecification\",\"valueRequired\":true,\"valueName\":\"search_term_string\"}}],\"inLanguage\":\"hr\"},{\"@type\":\"Organization\",\"@id\":\"https:\\\/\\\/leboxi.eu\\\/hr\\\/#organization\",\"name\":\"LE BOXI\",\"url\":\"https:\\\/\\\/leboxi.eu\\\/hr\\\/\",\"logo\":{\"@type\":\"ImageObject\",\"inLanguage\":\"hr\",\"@id\":\"https:\\\/\\\/leboxi.eu\\\/hr\\\/#\\\/schema\\\/logo\\\/image\\\/\",\"url\":\"https:\\\/\\\/leboxi.eu\\\/wp-content\\\/uploads\\\/2021\\\/02\\\/LeBoxi-manjsi-png.png\",\"contentUrl\":\"https:\\\/\\\/leboxi.eu\\\/wp-content\\\/uploads\\\/2021\\\/02\\\/LeBoxi-manjsi-png.png\",\"width\":389,\"height\":164,\"caption\":\"LE BOXI\"},\"image\":{\"@id\":\"https:\\\/\\\/leboxi.eu\\\/hr\\\/#\\\/schema\\\/logo\\\/image\\\/\"},\"sameAs\":[\"https:\\\/\\\/www.facebook.com\\\/leboxi.eu\",\"https:\\\/\\\/www.instagram.com\\\/le.boxi\\\/\"]}]}<\/script>\n<!-- \/ Yoast SEO plugin. -->","yoast_head_json":{"title":"Ogrlica srce | Jedinstveni pokloni za sve | Le Boxi","description":"Ogrlica u obliku srca odli\u010dno je poklone za va\u0161u voljenu osobu. Ogrlica je izra\u0111ena od nehr\u0111aju\u0107eg \u010delika. Spremljena je u simpati\u010dnu bijelu tekstilnu vre\u0107icu.","robots":{"index":"index","follow":"follow","max-snippet":"max-snippet:-1","max-image-preview":"max-image-preview:large","max-video-preview":"max-video-preview:-1"},"canonical":"https:\/\/leboxi.eu\/hr\/proizvodi\/ogrlica-srce-s-posvetom\/","og_locale":"hr_HR","og_type":"article","og_title":"Ogrlica srce | Jedinstveni pokloni za sve | Le Boxi","og_description":"Ogrlica u obliku srca odli\u010dno je poklone za va\u0161u voljenu osobu. Ogrlica je izra\u0111ena od nehr\u0111aju\u0107eg \u010delika. Spremljena je u simpati\u010dnu bijelu tekstilnu vre\u0107icu.","og_url":"https:\/\/leboxi.eu\/hr\/proizvodi\/ogrlica-srce-s-posvetom\/","og_site_name":"Le Boxi | Unikatna darila za vsakogar","article_publisher":"https:\/\/www.facebook.com\/leboxi.eu","article_modified_time":"2025-10-11T13:14:07+00:00","og_image":[{"width":1024,"height":1024,"url":"https:\/\/leboxi.eu\/wp-content\/uploads\/2022\/11\/verizica-s-posvetilom.jpg","type":"image\/jpeg"}],"twitter_card":"summary_large_image","twitter_misc":{"Procijenjeno vrijeme \u010ditanja":"1 minuta"},"schema":{"@context":"https:\/\/schema.org","@graph":[{"@type":"WebPage","@id":"https:\/\/leboxi.eu\/hr\/proizvodi\/ogrlica-srce-s-posvetom\/","url":"https:\/\/leboxi.eu\/hr\/proizvodi\/ogrlica-srce-s-posvetom\/","name":"Ogrlica srce | Jedinstveni pokloni za sve | Le Boxi","isPartOf":{"@id":"https:\/\/leboxi.eu\/hr\/#website"},"primaryImageOfPage":{"@id":"https:\/\/leboxi.eu\/hr\/proizvodi\/ogrlica-srce-s-posvetom\/#primaryimage"},"image":{"@id":"https:\/\/leboxi.eu\/hr\/proizvodi\/ogrlica-srce-s-posvetom\/#primaryimage"},"thumbnailUrl":"https:\/\/leboxi.eu\/wp-content\/uploads\/2022\/11\/verizica-s-posvetilom.jpg","datePublished":"2022-11-02T19:59:32+00:00","dateModified":"2025-10-11T13:14:07+00:00","description":"Ogrlica u obliku srca odli\u010dno je poklone za va\u0161u voljenu osobu. Ogrlica je izra\u0111ena od nehr\u0111aju\u0107eg \u010delika. Spremljena je u simpati\u010dnu bijelu tekstilnu vre\u0107icu.","breadcrumb":{"@id":"https:\/\/leboxi.eu\/hr\/proizvodi\/ogrlica-srce-s-posvetom\/#breadcrumb"},"inLanguage":"hr","potentialAction":[{"@type":"ReadAction","target":["https:\/\/leboxi.eu\/hr\/proizvodi\/ogrlica-srce-s-posvetom\/"]}]},{"@type":"ImageObject","inLanguage":"hr","@id":"https:\/\/leboxi.eu\/hr\/proizvodi\/ogrlica-srce-s-posvetom\/#primaryimage","url":"https:\/\/leboxi.eu\/wp-content\/uploads\/2022\/11\/verizica-s-posvetilom.jpg","contentUrl":"https:\/\/leboxi.eu\/wp-content\/uploads\/2022\/11\/verizica-s-posvetilom.jpg","width":1024,"height":1024},{"@type":"BreadcrumbList","@id":"https:\/\/leboxi.eu\/hr\/proizvodi\/ogrlica-srce-s-posvetom\/#breadcrumb","itemListElement":[{"@type":"ListItem","position":1,"name":"Doma","item":"https:\/\/leboxi.eu\/hr\/originalni-rodendanski-pokloni-za-zene-muskarce-i-novorodencad\/"},{"@type":"ListItem","position":2,"name":"Trgovina","item":"https:\/\/leboxi.eu\/hr\/trgovina\/"},{"@type":"ListItem","position":3,"name":"Ogrlica SRCE s posvetom"}]},{"@type":"WebSite","@id":"https:\/\/leboxi.eu\/hr\/#website","url":"https:\/\/leboxi.eu\/hr\/","name":"Le Boxi | Unikatna darila za vsakogar","description":"Unikatna darila in darilne \u0161katle za vse prilo\u017enosti.","publisher":{"@id":"https:\/\/leboxi.eu\/hr\/#organization"},"potentialAction":[{"@type":"SearchAction","target":{"@type":"EntryPoint","urlTemplate":"https:\/\/leboxi.eu\/hr\/?s={search_term_string}"},"query-input":{"@type":"PropertyValueSpecification","valueRequired":true,"valueName":"search_term_string"}}],"inLanguage":"hr"},{"@type":"Organization","@id":"https:\/\/leboxi.eu\/hr\/#organization","name":"LE BOXI","url":"https:\/\/leboxi.eu\/hr\/","logo":{"@type":"ImageObject","inLanguage":"hr","@id":"https:\/\/leboxi.eu\/hr\/#\/schema\/logo\/image\/","url":"https:\/\/leboxi.eu\/wp-content\/uploads\/2021\/02\/LeBoxi-manjsi-png.png","contentUrl":"https:\/\/leboxi.eu\/wp-content\/uploads\/2021\/02\/LeBoxi-manjsi-png.png","width":389,"height":164,"caption":"LE BOXI"},"image":{"@id":"https:\/\/leboxi.eu\/hr\/#\/schema\/logo\/image\/"},"sameAs":["https:\/\/www.facebook.com\/leboxi.eu","https:\/\/www.instagram.com\/le.boxi\/"]}]}},"tiered_pricing_type":"fixed","tiered_pricing_fixed_rules":[],"tiered_pricing_product_settings":{"layout":"default","base_unit_name":{"singular":null,"plural":null},"default_variation":null},"tiered_pricing_minimum_quantity":null,"tiered_pricing_roles_data":[],"tiered_pricing_percentage_rules":[],"_links":{"self":[{"href":"https:\/\/leboxi.eu\/hr\/wp-json\/wp\/v2\/product\/10110","targetHints":{"allow":["GET"]}}],"collection":[{"href":"https:\/\/leboxi.eu\/hr\/wp-json\/wp\/v2\/product"}],"about":[{"href":"https:\/\/leboxi.eu\/hr\/wp-json\/wp\/v2\/types\/product"}],"replies":[{"embeddable":true,"href":"https:\/\/leboxi.eu\/hr\/wp-json\/wp\/v2\/comments?post=10110"}],"version-history":[{"count":0,"href":"https:\/\/leboxi.eu\/hr\/wp-json\/wp\/v2\/product\/10110\/revisions"}],"wp:featuredmedia":[{"embeddable":true,"href":"https:\/\/leboxi.eu\/hr\/wp-json\/wp\/v2\/media\/27186"}],"wp:attachment":[{"href":"https:\/\/leboxi.eu\/hr\/wp-json\/wp\/v2\/media?parent=10110"}],"wp:term":[{"taxonomy":"product_brand","embeddable":true,"href":"https:\/\/leboxi.eu\/hr\/wp-json\/wp\/v2\/product_brand?post=10110"},{"taxonomy":"product_cat","embeddable":true,"href":"https:\/\/leboxi.eu\/hr\/wp-json\/wp\/v2\/product_cat?post=10110"},{"taxonomy":"product_tag","embeddable":true,"href":"https:\/\/leboxi.eu\/hr\/wp-json\/wp\/v2\/product_tag?post=10110"}],"curies":[{"name":"wp","href":"https:\/\/api.w.org\/{rel}","templated":true}]}}