{"id":5690,"date":"2022-01-02T17:59:48","date_gmt":"2022-01-02T16:59:48","guid":{"rendered":"https:\/\/leboxi.eu\/kolacici\/"},"modified":"2024-04-24T22:31:12","modified_gmt":"2024-04-24T21:31:12","slug":"kolacici","status":"publish","type":"page","link":"https:\/\/leboxi.eu\/hr\/kolacici\/","title":{"rendered":"Kola\u010di\u0107i"},"content":{"rendered":"\t\t<div data-elementor-type=\"wp-page\" data-elementor-id=\"5690\" class=\"elementor elementor-5690 elementor-1957\" data-elementor-post-type=\"page\">\n\t\t\t\t\t\t<section class=\"elementor-section elementor-top-section elementor-element elementor-element-cbff03f elementor-section-boxed elementor-section-height-default elementor-section-height-default\" data-id=\"cbff03f\" data-element_type=\"section\" data-e-type=\"section\" data-settings=\"{&quot;background_background&quot;:&quot;classic&quot;}\">\n\t\t\t\t\t\t<div class=\"elementor-container elementor-column-gap-default\">\n\t\t\t\t\t<div class=\"elementor-column elementor-col-100 elementor-top-column elementor-element elementor-element-a04f73e\" data-id=\"a04f73e\" data-element_type=\"column\" data-e-type=\"column\">\n\t\t\t<div class=\"elementor-widget-wrap elementor-element-populated\">\n\t\t\t\t\t\t<div class=\"elementor-element elementor-element-dec0636 elementor-widget elementor-widget-text-editor\" data-id=\"dec0636\" data-element_type=\"widget\" data-e-type=\"widget\" data-widget_type=\"text-editor.default\">\n\t\t\t\t<div class=\"elementor-widget-container\">\n\t\t\t\t\t\t\t\t\t<p>Kola\u010di\u0107i<\/p>\n\t\t\t\t\t\t\t\t<\/div>\n\t\t\t\t<\/div>\n\t\t\t\t\t<\/div>\n\t\t<\/div>\n\t\t\t\t\t<\/div>\n\t\t<\/section>\n\t\t\t\t<section class=\"elementor-section elementor-top-section elementor-element elementor-element-ba118e9 elementor-section-boxed elementor-section-height-default elementor-section-height-default\" data-id=\"ba118e9\" data-element_type=\"section\" data-e-type=\"section\">\n\t\t\t\t\t\t<div class=\"elementor-container elementor-column-gap-default\">\n\t\t\t\t\t<div class=\"elementor-column elementor-col-100 elementor-top-column elementor-element elementor-element-c5fd118\" data-id=\"c5fd118\" data-element_type=\"column\" data-e-type=\"column\">\n\t\t\t<div class=\"elementor-widget-wrap elementor-element-populated\">\n\t\t\t\t\t\t<div class=\"elementor-element elementor-element-f670d51 elementor-widget elementor-widget-text-editor\" data-id=\"f670d51\" data-element_type=\"widget\" data-e-type=\"widget\" data-widget_type=\"text-editor.default\">\n\t\t\t\t<div class=\"elementor-widget-container\">\n\t\t\t\t\t\t\t\t\t<p><strong>Kola\u010di\u0107i<\/strong><\/p>\n<p>Kola\u010di\u0107i su neprimjetne datoteke koje su privremeno pohranjene na va\u0161em tvrdom disku i omogu\u0107uju davatelju usluga da prepozna va\u0161e ra\u010dunalo sljede\u0107i put kada posjetite web stranicu. Pru\u017eatelj koristi kola\u010di\u0107e samo za prikupljanje informacija o kori\u0161tenju web stranice i za optimizaciju svojih aktivnosti ogla\u0161avanja na mre\u017ei.<\/p>\n<p>Kola\u010di\u0107i za ogla\u0161avanje nadziru pojedina\u010dnu upotrebu web stranice davatelja, osim ako pojedinac ne pristane na kori\u0161tenje kola\u010di\u0107a na stranici.<\/p>\n<p><strong>&nbsp;<\/strong><strong style=\"font-size: 15px;\">Popis kola\u010di\u0107a koje prikuplja Le Boxi internet trgovina<\/strong><\/p>\n<table>\n<tbody>\n<tr>\n<td width=\"214\">\n<p><strong>Ime<\/strong><\/p>\n<\/td>\n<td width=\"195\">\n<p><strong>Opis<\/strong><\/p>\n<\/td>\n<td width=\"195\">\n<p><strong>Trajanje<\/strong><\/p>\n<\/td>\n<\/tr>\n<tr>\n<td width=\"214\">\n<p>_fbp<\/p>\n<\/td>\n<td width=\"195\">\n<p>Ovaj kola\u010di\u0107 postavlja Facebook da prikazuje oglase na Facebooku ili na digitalnoj platformi koju pokre\u0107e Facebook ogla\u0161avanje nakon posjete web stranici.<\/p>\n<\/td>\n<td width=\"195\">\n<p>3 mjeseca<\/p>\n<\/td>\n<\/tr>\n<tr>\n<td width=\"214\">\n<p>fr<\/p>\n<\/td>\n<td width=\"195\">\n<p>Facebook postavlja ovaj kola\u010di\u0107 za prikazivanje relevantnih oglasa korisnicima pra\u0107enjem pona\u0161anja korisnika na mre\u017ei, na stranicama koje imaju Facebook piksel ili Facebook dru\u0161tveni dodatak.<\/p>\n<\/td>\n<td width=\"195\">\n<p>3 mjeseca<\/p>\n<\/td>\n<\/tr>\n<tr>\n<td width=\"214\">\n<p>_gcl_au<\/p>\n<\/td>\n<td width=\"195\">\n<p>Omogu\u0107uje ga Google Tag Manager za testiranje u\u010dinkovitosti web-lokacija za ogla\u0161avanje koje koriste njihove usluge.<\/p>\n<\/td>\n<td width=\"195\">\n<p>3 mjeseca<\/p>\n<\/td>\n<\/tr>\n<tr>\n<td width=\"214\">\n<p>_ga<\/p>\n<\/td>\n<td width=\"195\">\n<p>Izra\u010dunava podatke o posjetiteljima, sesijama i kampanjama te prati kori\u0161tenje web stranice za analiti\u010dko izvje\u0161\u0107e.<\/p>\n<\/td>\n<td width=\"195\">\n<p>2 godine<\/p>\n<\/td>\n<\/tr>\n<tr>\n<td width=\"214\">\n<p>_gid<\/p>\n<\/td>\n<td width=\"195\">\n<p>Koristi se za pohranjivanje informacija o tome kako posjetitelji koriste stranicu i poma\u017ee u izradi analiti\u010dkog izvje\u0161\u0107a o tome kako stranica radi.<\/p>\n<\/td>\n<td width=\"195\">\n<p>1 dan<\/p>\n<\/td>\n<\/tr>\n<tr>\n<td width=\"214\">\n<p>_gat_gtag_[property_id]<\/p>\n<\/td>\n<td width=\"195\">\n<p>Postavio ga je Google kako bi razlikovao korisnike.<\/p>\n<\/td>\n<td width=\"195\">\n<p>1 minuta<\/p>\n<\/td>\n<\/tr>\n<tr>\n<td width=\"214\">\n<p>_mcid<\/p>\n<\/td>\n<td width=\"195\">\n<p>Ovo je kola\u010di\u0107 Mailchimp funkcionalnosti koji se koristi za procjenu interakcije UI\/UX-a s va\u0161om platformom<\/p>\n<\/td>\n<td width=\"195\">\n<p>1 godina<\/p>\n<\/td>\n<\/tr>\n<tr>\n<td width=\"214\">\n<p>_abck<\/p>\n<\/td>\n<td width=\"195\">\n<p>Ovaj kola\u010di\u0107 se koristi za otkrivanje i za\u0161titu kada korisnik ponovno poku\u0161a igrati kola\u010di\u0107. Ovaj kola\u010di\u0107 upravlja interakcijom s web botovima i provodi odgovaraju\u0107e radnje.<\/p>\n<\/td>\n<td width=\"195\">\n<p>1 godina<\/p>\n<\/td>\n<\/tr>\n<tr>\n<td width=\"214\">\n<p>ak_bmsc<\/p>\n<\/td>\n<td width=\"195\">\n<p>Akamai koristi ovaj kola\u010di\u0107 za optimizaciju sigurnosti web stranice razlikovanjem izme\u0111u ljudi i botova<\/p>\n<\/td>\n<td width=\"195\">\n<p>2 sata<\/p>\n<\/td>\n<\/tr>\n<tr>\n<td width=\"214\">\n<p>bm_sz<\/p>\n<\/td>\n<td width=\"195\">\n<p>Ovaj kola\u010di\u0107 postavlja Akamai Bot Manager. Ovaj kola\u010di\u0107 se koristi za upravljanje interakcijom s web botovima. Tako\u0111er poma\u017ee u sprje\u010davanju prijevara<\/p>\n<\/td>\n<td width=\"195\">\n<p>4 sata<\/p>\n<\/td>\n<\/tr>\n<tr>\n<td width=\"214\">\n<p>wp-wpml_current_language<\/p>\n<\/td>\n<td width=\"195\">\n<p>Koristi se za pra\u0107enje postavki korisni\u010dkog jezika.<\/p>\n<\/td>\n<td width=\"195\">\n<p>Sjednica<\/p>\n<\/td>\n<\/tr>\n<tr>\n<td width=\"214\">\n<p>wooptpmReferrer<\/p>\n<\/td>\n<td width=\"195\">\n<p>\/<\/p>\n<\/td>\n<td width=\"195\">\n<p>Sjednica<\/p>\n<\/td>\n<\/tr>\n<tr>\n<td width=\"214\">\n<p>wordpress_logged_in_[hash]<\/p>\n<\/td>\n<td width=\"195\">\n<p>Koristi se za identifikaciju korisnika i kada je prijavljen.<\/p>\n<\/td>\n<td width=\"195\">\n<p>14 dana<\/p>\n<\/td>\n<\/tr>\n<tr>\n<td width=\"214\">\n<p>wordpress_sec_[hash]<\/p>\n<\/td>\n<td width=\"195\">\n<p>Koristi se za pohranu podataka o autentifikaciji.<\/p>\n<\/td>\n<td width=\"195\">\n<p>14 dana<\/p>\n<\/td>\n<\/tr>\n<tr>\n<td width=\"214\">\n<p>wp_woocommerce_session_<\/p>\n<\/td>\n<td width=\"195\">\n<p>Sadr\u017ei jedinstveni kod za svakog kupca, tako da na\u0161a stranica zna gdje prona\u0107i informacije o ko\u0161arici u bazi podataka za svakog kupca. Osobni podaci se ne pohranjuju.<\/p>\n<\/td>\n<td width=\"195\">\n<p>1 dan<\/p>\n<\/td>\n<\/tr>\n<tr>\n<td width=\"214\">\n<p>woocommerce_cart_hash<\/p>\n<\/td>\n<td width=\"195\">\n<p>Koristi se za odre\u0111ivanje kada se mijenjaju podaci ili sadr\u017eaj ko\u0161arice.<\/p>\n<\/td>\n<td width=\"195\">\n<p>Sjednica<\/p>\n<\/td>\n<\/tr>\n<tr>\n<td width=\"214\">\n<p>woocommerce_items_in_cart<\/p>\n<\/td>\n<td width=\"195\">\n<p>Koristi se za odre\u0111ivanje kada se mijenjaju podaci ili sadr\u017eaj ko\u0161arice.<\/p>\n<\/td>\n<td width=\"195\">\n<p>Sjednica<\/p>\n<\/td>\n<\/tr>\n<tr>\n<td width=\"214\">\n<p>__stripe_mid<\/p>\n<\/td>\n<td width=\"195\">\n<p>Ovaj kola\u010di\u0107 je potreban za obavljanje transakcija kreditnom karticom na web stranici. Uslugu pru\u017ea Stripe.com, koji omogu\u0107uje online transakcije bez pohranjivanja podataka o kreditnoj kartici.<\/p>\n<\/td>\n<td width=\"195\">\n<p>1 godina<\/p>\n<\/td>\n<\/tr>\n<\/tbody>\n<\/table>\n<p><strong style=\"font-size: 15px;\">&nbsp;<\/strong><\/p>\n<p><\/p>\n<p class=\"MsoNormal\">\n<\/p>\t\t\t\t\t\t\t\t<\/div>\n\t\t\t\t<\/div>\n\t\t\t\t\t<\/div>\n\t\t<\/div>\n\t\t\t\t\t<\/div>\n\t\t<\/section>\n\t\t\t\t<\/div>\n\t\t","protected":false},"excerpt":{"rendered":"<p>Kola\u010di\u0107i Kola\u010di\u0107i Kola\u010di\u0107i su neprimjetne datoteke koje su privremeno pohranjene na va\u0161em tvrdom disku i omogu\u0107uju davatelju usluga da prepozna va\u0161e ra\u010dunalo sljede\u0107i put kada posjetite web stranicu. Pru\u017eatelj koristi kola\u010di\u0107e samo za prikupljanje informacija o kori\u0161tenju web stranice i za optimizaciju svojih aktivnosti ogla\u0161avanja na mre\u017ei. Kola\u010di\u0107i za ogla\u0161avanje nadziru pojedina\u010dnu upotrebu web stranice [&hellip;]<\/p>\n","protected":false},"author":2,"featured_media":0,"parent":0,"menu_order":0,"comment_status":"closed","ping_status":"closed","template":"","meta":{"site-sidebar-layout":"no-sidebar","site-content-layout":"page-builder","ast-site-content-layout":"default","site-content-style":"default","site-sidebar-style":"default","ast-global-header-display":"","ast-banner-title-visibility":"","ast-main-header-display":"","ast-hfb-above-header-display":"","ast-hfb-below-header-display":"","ast-hfb-mobile-header-display":"","site-post-title":"disabled","ast-breadcrumbs-content":"","ast-featured-img":"disabled","footer-sml-layout":"","ast-disable-related-posts":"","theme-transparent-header-meta":"default","adv-header-id-meta":"","stick-header-meta":"","header-above-stick-meta":"","header-main-stick-meta":"","header-below-stick-meta":"","astra-migrate-meta-layouts":"default","ast-page-background-enabled":"default","ast-page-background-meta":{"desktop":{"background-color":"","background-image":"","background-repeat":"repeat","background-position":"center center","background-size":"auto","background-attachment":"scroll","background-type":"","background-media":"","overlay-type":"","overlay-color":"","overlay-opacity":"","overlay-gradient":""},"tablet":{"background-color":"","background-image":"","background-repeat":"repeat","background-position":"center center","background-size":"auto","background-attachment":"scroll","background-type":"","background-media":"","overlay-type":"","overlay-color":"","overlay-opacity":"","overlay-gradient":""},"mobile":{"background-color":"","background-image":"","background-repeat":"repeat","background-position":"center center","background-size":"auto","background-attachment":"scroll","background-type":"","background-media":"","overlay-type":"","overlay-color":"","overlay-opacity":"","overlay-gradient":""}},"ast-content-background-meta":{"desktop":{"background-color":"var(--ast-global-color-5)","background-image":"","background-repeat":"repeat","background-position":"center center","background-size":"auto","background-attachment":"scroll","background-type":"","background-media":"","overlay-type":"","overlay-color":"","overlay-opacity":"","overlay-gradient":""},"tablet":{"background-color":"var(--ast-global-color-5)","background-image":"","background-repeat":"repeat","background-position":"center center","background-size":"auto","background-attachment":"scroll","background-type":"","background-media":"","overlay-type":"","overlay-color":"","overlay-opacity":"","overlay-gradient":""},"mobile":{"background-color":"var(--ast-global-color-5)","background-image":"","background-repeat":"repeat","background-position":"center center","background-size":"auto","background-attachment":"scroll","background-type":"","background-media":"","overlay-type":"","overlay-color":"","overlay-opacity":"","overlay-gradient":""}},"footnotes":""},"class_list":["post-5690","page","type-page","status-publish","hentry"],"yoast_head":"<!-- This site is optimized with the Yoast SEO plugin v27.3 - https:\/\/yoast.com\/product\/yoast-seo-wordpress\/ -->\n<title>Kola\u010di\u0107i | Le Boxi | Unikatna darila za vsakogar<\/title>\n<meta name=\"robots\" content=\"index, follow, max-snippet:-1, max-image-preview:large, max-video-preview:-1\" \/>\n<link rel=\"canonical\" href=\"https:\/\/leboxi.eu\/hr\/kolacici\/\" \/>\n<meta property=\"og:locale\" content=\"hr_HR\" \/>\n<meta property=\"og:type\" content=\"article\" \/>\n<meta property=\"og:title\" content=\"Kola\u010di\u0107i | Le Boxi | Unikatna darila za vsakogar\" \/>\n<meta property=\"og:description\" content=\"Kola\u010di\u0107i Kola\u010di\u0107i Kola\u010di\u0107i su neprimjetne datoteke koje su privremeno pohranjene na va\u0161em tvrdom disku i omogu\u0107uju davatelju usluga da prepozna va\u0161e ra\u010dunalo sljede\u0107i put kada posjetite web stranicu. Pru\u017eatelj koristi kola\u010di\u0107e samo za prikupljanje informacija o kori\u0161tenju web stranice i za optimizaciju svojih aktivnosti ogla\u0161avanja na mre\u017ei. Kola\u010di\u0107i za ogla\u0161avanje nadziru pojedina\u010dnu upotrebu web stranice [&hellip;]\" \/>\n<meta property=\"og:url\" content=\"https:\/\/leboxi.eu\/hr\/kolacici\/\" \/>\n<meta property=\"og:site_name\" content=\"Le Boxi | Unikatna darila za vsakogar\" \/>\n<meta property=\"article:publisher\" content=\"https:\/\/www.facebook.com\/leboxi.eu\" \/>\n<meta property=\"article:modified_time\" content=\"2024-04-24T21:31:12+00:00\" \/>\n<meta name=\"twitter:card\" content=\"summary_large_image\" \/>\n<meta name=\"twitter:label1\" content=\"Procijenjeno vrijeme \u010ditanja\" \/>\n\t<meta name=\"twitter:data1\" content=\"2 minuta\" \/>\n<script type=\"application\/ld+json\" class=\"yoast-schema-graph\">{\"@context\":\"https:\\\/\\\/schema.org\",\"@graph\":[{\"@type\":\"WebPage\",\"@id\":\"https:\\\/\\\/leboxi.eu\\\/hr\\\/kolacici\\\/\",\"url\":\"https:\\\/\\\/leboxi.eu\\\/hr\\\/kolacici\\\/\",\"name\":\"Kola\u010di\u0107i | Le Boxi | Unikatna darila za vsakogar\",\"isPartOf\":{\"@id\":\"https:\\\/\\\/leboxi.eu\\\/hr\\\/#website\"},\"datePublished\":\"2022-01-02T16:59:48+00:00\",\"dateModified\":\"2024-04-24T21:31:12+00:00\",\"breadcrumb\":{\"@id\":\"https:\\\/\\\/leboxi.eu\\\/hr\\\/kolacici\\\/#breadcrumb\"},\"inLanguage\":\"hr\",\"potentialAction\":[{\"@type\":\"ReadAction\",\"target\":[\"https:\\\/\\\/leboxi.eu\\\/hr\\\/kolacici\\\/\"]}]},{\"@type\":\"BreadcrumbList\",\"@id\":\"https:\\\/\\\/leboxi.eu\\\/hr\\\/kolacici\\\/#breadcrumb\",\"itemListElement\":[{\"@type\":\"ListItem\",\"position\":1,\"name\":\"Doma\",\"item\":\"https:\\\/\\\/leboxi.eu\\\/hr\\\/originalni-rodendanski-pokloni-za-zene-muskarce-i-novorodencad\\\/\"},{\"@type\":\"ListItem\",\"position\":2,\"name\":\"Kola\u010di\u0107i\"}]},{\"@type\":\"WebSite\",\"@id\":\"https:\\\/\\\/leboxi.eu\\\/hr\\\/#website\",\"url\":\"https:\\\/\\\/leboxi.eu\\\/hr\\\/\",\"name\":\"Le Boxi | Unikatna darila za vsakogar\",\"description\":\"Unikatna darila in darilne \u0161katle za vse prilo\u017enosti.\",\"publisher\":{\"@id\":\"https:\\\/\\\/leboxi.eu\\\/hr\\\/#organization\"},\"potentialAction\":[{\"@type\":\"SearchAction\",\"target\":{\"@type\":\"EntryPoint\",\"urlTemplate\":\"https:\\\/\\\/leboxi.eu\\\/hr\\\/?s={search_term_string}\"},\"query-input\":{\"@type\":\"PropertyValueSpecification\",\"valueRequired\":true,\"valueName\":\"search_term_string\"}}],\"inLanguage\":\"hr\"},{\"@type\":\"Organization\",\"@id\":\"https:\\\/\\\/leboxi.eu\\\/hr\\\/#organization\",\"name\":\"LE BOXI\",\"url\":\"https:\\\/\\\/leboxi.eu\\\/hr\\\/\",\"logo\":{\"@type\":\"ImageObject\",\"inLanguage\":\"hr\",\"@id\":\"https:\\\/\\\/leboxi.eu\\\/hr\\\/#\\\/schema\\\/logo\\\/image\\\/\",\"url\":\"https:\\\/\\\/leboxi.eu\\\/wp-content\\\/uploads\\\/2021\\\/02\\\/LeBoxi-manjsi-png.png\",\"contentUrl\":\"https:\\\/\\\/leboxi.eu\\\/wp-content\\\/uploads\\\/2021\\\/02\\\/LeBoxi-manjsi-png.png\",\"width\":389,\"height\":164,\"caption\":\"LE BOXI\"},\"image\":{\"@id\":\"https:\\\/\\\/leboxi.eu\\\/hr\\\/#\\\/schema\\\/logo\\\/image\\\/\"},\"sameAs\":[\"https:\\\/\\\/www.facebook.com\\\/leboxi.eu\",\"https:\\\/\\\/www.instagram.com\\\/le.boxi\\\/\"]}]}<\/script>\n<!-- \/ Yoast SEO plugin. -->","yoast_head_json":{"title":"Kola\u010di\u0107i | Le Boxi | Unikatna darila za vsakogar","robots":{"index":"index","follow":"follow","max-snippet":"max-snippet:-1","max-image-preview":"max-image-preview:large","max-video-preview":"max-video-preview:-1"},"canonical":"https:\/\/leboxi.eu\/hr\/kolacici\/","og_locale":"hr_HR","og_type":"article","og_title":"Kola\u010di\u0107i | Le Boxi | Unikatna darila za vsakogar","og_description":"Kola\u010di\u0107i Kola\u010di\u0107i Kola\u010di\u0107i su neprimjetne datoteke koje su privremeno pohranjene na va\u0161em tvrdom disku i omogu\u0107uju davatelju usluga da prepozna va\u0161e ra\u010dunalo sljede\u0107i put kada posjetite web stranicu. Pru\u017eatelj koristi kola\u010di\u0107e samo za prikupljanje informacija o kori\u0161tenju web stranice i za optimizaciju svojih aktivnosti ogla\u0161avanja na mre\u017ei. Kola\u010di\u0107i za ogla\u0161avanje nadziru pojedina\u010dnu upotrebu web stranice [&hellip;]","og_url":"https:\/\/leboxi.eu\/hr\/kolacici\/","og_site_name":"Le Boxi | Unikatna darila za vsakogar","article_publisher":"https:\/\/www.facebook.com\/leboxi.eu","article_modified_time":"2024-04-24T21:31:12+00:00","twitter_card":"summary_large_image","twitter_misc":{"Procijenjeno vrijeme \u010ditanja":"2 minuta"},"schema":{"@context":"https:\/\/schema.org","@graph":[{"@type":"WebPage","@id":"https:\/\/leboxi.eu\/hr\/kolacici\/","url":"https:\/\/leboxi.eu\/hr\/kolacici\/","name":"Kola\u010di\u0107i | Le Boxi | Unikatna darila za vsakogar","isPartOf":{"@id":"https:\/\/leboxi.eu\/hr\/#website"},"datePublished":"2022-01-02T16:59:48+00:00","dateModified":"2024-04-24T21:31:12+00:00","breadcrumb":{"@id":"https:\/\/leboxi.eu\/hr\/kolacici\/#breadcrumb"},"inLanguage":"hr","potentialAction":[{"@type":"ReadAction","target":["https:\/\/leboxi.eu\/hr\/kolacici\/"]}]},{"@type":"BreadcrumbList","@id":"https:\/\/leboxi.eu\/hr\/kolacici\/#breadcrumb","itemListElement":[{"@type":"ListItem","position":1,"name":"Doma","item":"https:\/\/leboxi.eu\/hr\/originalni-rodendanski-pokloni-za-zene-muskarce-i-novorodencad\/"},{"@type":"ListItem","position":2,"name":"Kola\u010di\u0107i"}]},{"@type":"WebSite","@id":"https:\/\/leboxi.eu\/hr\/#website","url":"https:\/\/leboxi.eu\/hr\/","name":"Le Boxi | Unikatna darila za vsakogar","description":"Unikatna darila in darilne \u0161katle za vse prilo\u017enosti.","publisher":{"@id":"https:\/\/leboxi.eu\/hr\/#organization"},"potentialAction":[{"@type":"SearchAction","target":{"@type":"EntryPoint","urlTemplate":"https:\/\/leboxi.eu\/hr\/?s={search_term_string}"},"query-input":{"@type":"PropertyValueSpecification","valueRequired":true,"valueName":"search_term_string"}}],"inLanguage":"hr"},{"@type":"Organization","@id":"https:\/\/leboxi.eu\/hr\/#organization","name":"LE BOXI","url":"https:\/\/leboxi.eu\/hr\/","logo":{"@type":"ImageObject","inLanguage":"hr","@id":"https:\/\/leboxi.eu\/hr\/#\/schema\/logo\/image\/","url":"https:\/\/leboxi.eu\/wp-content\/uploads\/2021\/02\/LeBoxi-manjsi-png.png","contentUrl":"https:\/\/leboxi.eu\/wp-content\/uploads\/2021\/02\/LeBoxi-manjsi-png.png","width":389,"height":164,"caption":"LE BOXI"},"image":{"@id":"https:\/\/leboxi.eu\/hr\/#\/schema\/logo\/image\/"},"sameAs":["https:\/\/www.facebook.com\/leboxi.eu","https:\/\/www.instagram.com\/le.boxi\/"]}]}},"_links":{"self":[{"href":"https:\/\/leboxi.eu\/hr\/wp-json\/wp\/v2\/pages\/5690","targetHints":{"allow":["GET"]}}],"collection":[{"href":"https:\/\/leboxi.eu\/hr\/wp-json\/wp\/v2\/pages"}],"about":[{"href":"https:\/\/leboxi.eu\/hr\/wp-json\/wp\/v2\/types\/page"}],"author":[{"embeddable":true,"href":"https:\/\/leboxi.eu\/hr\/wp-json\/wp\/v2\/users\/2"}],"replies":[{"embeddable":true,"href":"https:\/\/leboxi.eu\/hr\/wp-json\/wp\/v2\/comments?post=5690"}],"version-history":[{"count":0,"href":"https:\/\/leboxi.eu\/hr\/wp-json\/wp\/v2\/pages\/5690\/revisions"}],"wp:attachment":[{"href":"https:\/\/leboxi.eu\/hr\/wp-json\/wp\/v2\/media?parent=5690"}],"curies":[{"name":"wp","href":"https:\/\/api.w.org\/{rel}","templated":true}]}}